{"id":3191,"date":"2026-01-17T15:45:44","date_gmt":"2026-01-17T15:45:44","guid":{"rendered":"https:\/\/www.bossenerji.com\/?page_id=3191"},"modified":"2026-01-17T15:50:32","modified_gmt":"2026-01-17T15:50:32","slug":"module-grms-de-surface","status":"publish","type":"page","link":"https:\/\/www.bossenerji.com\/fr\/module-grms-de-surface\/","title":{"rendered":"Module GRMS de surface"},"content":{"rendered":"<style>.elementor-3191 .elementor-element.elementor-element-1dac5b2:not(.elementor-motion-effects-element-type-background), .elementor-3191 .elementor-element.elementor-element-1dac5b2 > .elementor-motion-effects-container > .elementor-motion-effects-layer{background-image:url(\"https:\/\/www.bossenerji.com\/wp-content\/uploads\/2026\/01\/resize-surface-switch-intro-3.png\");background-size:contain;}.elementor-3191 .elementor-element.elementor-element-1dac5b2 > .elementor-background-overlay{background-color:var( --e-global-color-e777d57 );opacity:0.31;transition:background 0.3s, border-radius 0.3s, opacity 0.3s;}.elementor-3191 .elementor-element.elementor-element-1dac5b2 > .elementor-container{min-height:96vh;}.elementor-3191 .elementor-element.elementor-element-1dac5b2{transition:background 0.3s, border 0.3s, border-radius 0.3s, box-shadow 0.3s;margin-top:-125px;margin-bottom:0px;padding:150px 0px 25px 0px;}.elementor-3191 .elementor-element.elementor-element-1dac5b2 > .elementor-shape-bottom .elementor-shape-fill{fill:var( --e-global-color-62a237b );}.elementor-3191 .elementor-element.elementor-element-1dac5b2 > .elementor-shape-bottom svg{width:calc(100% + 1.3px);height:75px;}.elementor-3191 .elementor-element.elementor-element-c9fd522{text-align:center;}.elementor-3191 .elementor-element.elementor-element-c9fd522 .elementor-heading-title{font-family:\"Manrope\", Sans-serif;font-size:50px;font-weight:600;letter-spacing:-2px;-webkit-text-stroke-color:#000;stroke:#000;color:var( --e-global-color-primary );}.elementor-3191 .elementor-element.elementor-element-0034c22 .elementor-icon-list-icon i{color:#FFFFFF;transition:color 0.3s;}.elementor-3191 .elementor-element.elementor-element-0034c22 .elementor-icon-list-icon svg{fill:#FFFFFF;transition:fill 0.3s;}.elementor-3191 .elementor-element.elementor-element-0034c22{--e-icon-list-icon-size:14px;--icon-vertical-offset:0px;}.elementor-3191 .elementor-element.elementor-element-0034c22 .elementor-icon-list-item > .elementor-icon-list-text, .elementor-3191 .elementor-element.elementor-element-0034c22 .elementor-icon-list-item > a{font-family:\"Manrope\", Sans-serif;}.elementor-3191 .elementor-element.elementor-element-0034c22 .elementor-icon-list-text{color:var( --e-global-color-62a237b );transition:color 0.3s;}.elementor-3191 .elementor-element.elementor-element-0034c22 .elementor-icon-list-item:hover .elementor-icon-list-text{color:var( --e-global-color-secondary );}.elementor-3191 .elementor-element.elementor-element-cd0306e:not(.elementor-motion-effects-element-type-background), .elementor-3191 .elementor-element.elementor-element-cd0306e > .elementor-motion-effects-container > .elementor-motion-effects-layer{background-color:#FFFFFF;}.elementor-3191 .elementor-element.elementor-element-cd0306e{transition:background 0.3s, border 0.3s, border-radius 0.3s, box-shadow 0.3s;padding:110px 0px 50px 0px;}.elementor-3191 .elementor-element.elementor-element-cd0306e > .elementor-background-overlay{transition:background 0.3s, border-radius 0.3s, opacity 0.3s;}.elementor-3191 .elementor-element.elementor-element-d88b595{margin-top:25px;margin-bottom:25px;}.elementor-3191 .elementor-element.elementor-element-4e167c9 > .elementor-element-populated{margin:10px 10px 10px 10px;--e-column-margin-right:10px;--e-column-margin-left:10px;padding:0px 0px 0px 0px;}.elementor-3191 .elementor-element.elementor-element-bd48368{--e-image-carousel-slides-to-show:1;}.elementor-3191 .elementor-element.elementor-element-bd48368 .elementor-image-carousel-wrapper .elementor-image-carousel .swiper-slide-image{border-radius:20px 20px 20px 20px;}.elementor-bc-flex-widget .elementor-3191 .elementor-element.elementor-element-d827c3b.elementor-column .elementor-widget-wrap{align-items:center;}.elementor-3191 .elementor-element.elementor-element-d827c3b.elementor-column.elementor-element[data-element_type=\"column\"] > .elementor-widget-wrap.elementor-element-populated{align-content:center;align-items:center;}.elementor-3191 .elementor-element.elementor-element-d827c3b > .elementor-element-populated{padding:0px 50px 0px 20px;}.elementor-3191 .elementor-element.elementor-element-8a395a4 .jeg-elementor-kit.jkit-heading .heading-title > span.style-gradient{background-color:transparent;background-image:radial-gradient(at center left, var( --e-global-color-primary ) 0%, var( --e-global-color-secondary ) 100%);}.elementor-3191 .elementor-element.elementor-element-8a395a4 .jeg-elementor-kit.jkit-heading{text-align:left;}.elementor-3191 .elementor-element.elementor-element-8a395a4 .jeg-elementor-kit.jkit-heading .heading-title{-webkit-box-decoration-break:clone;box-decoration-break:clone;display:inline;font-family:\"Manrope\", Sans-serif;font-size:40px;font-weight:500;letter-spacing:-2px;color:var( --e-global-color-f14aec3 );}.elementor-3191 .elementor-element.elementor-element-ff28f00 > .elementor-widget-container{margin:0px 0px -60px 0px;}.elementor-3191 .elementor-element.elementor-element-ff28f00{z-index:2;}.elementor-3191 .elementor-element.elementor-element-648a85f img{width:100%;}.elementor-3191 .elementor-element.elementor-element-962caa8 img{width:100%;}.elementor-3191 .elementor-element.elementor-element-4ec3697:not(.elementor-motion-effects-element-type-background), .elementor-3191 .elementor-element.elementor-element-4ec3697 > .elementor-motion-effects-container > .elementor-motion-effects-layer{background-image:url(\"https:\/\/www.bossenerji.com\/wp-content\/uploads\/2026\/01\/grms-module.webp\");background-position:center left;background-repeat:no-repeat;background-size:cover;}.elementor-3191 .elementor-element.elementor-element-4ec3697 > .elementor-container{min-height:55vh;}.elementor-3191 .elementor-element.elementor-element-4ec3697 > .elementor-background-overlay{opacity:0.5;transition:background 0.3s, border-radius 0.3s, opacity 0.3s;}.elementor-3191 .elementor-element.elementor-element-4ec3697{transition:background 0.3s, border 0.3s, border-radius 0.3s, box-shadow 0.3s;padding:110px 0px 170px 0px;}.elementor-3191 .elementor-element.elementor-element-806f4d4{margin-top:25px;margin-bottom:25px;}@media(max-width:1024px) and (min-width:768px){.elementor-3191 .elementor-element.elementor-element-4e167c9{width:100%;}.elementor-3191 .elementor-element.elementor-element-d827c3b{width:100%;}.elementor-3191 .elementor-element.elementor-element-6ade83b{width:100%;}.elementor-3191 .elementor-element.elementor-element-f9e8f7b{width:100%;}}@media(max-width:1024px){.elementor-3191 .elementor-element.elementor-element-cd0306e{padding:50px 0px 50px 0px;}.elementor-3191 .elementor-element.elementor-element-8a395a4 .jeg-elementor-kit.jkit-heading{text-align:center;}.elementor-3191 .elementor-element.elementor-element-ff28f00{text-align:center;}.elementor-3191 .elementor-element.elementor-element-4ec3697:not(.elementor-motion-effects-element-type-background), .elementor-3191 .elementor-element.elementor-element-4ec3697 > .elementor-motion-effects-container > .elementor-motion-effects-layer{background-position:center left;background-size:cover;}}@media(max-width:767px){.elementor-3191 .elementor-element.elementor-element-c9fd522 .elementor-heading-title{font-size:45px;}.elementor-3191 .elementor-element.elementor-element-cd0306e{padding:0px 0px 0px 0px;}.elementor-3191 .elementor-element.elementor-element-d827c3b > .elementor-element-populated{padding:0px 0px 0px 0px;}.elementor-3191 .elementor-element.elementor-element-8a395a4 > .elementor-widget-container{padding:0% 0% 0% 0%;}.elementor-3191 .elementor-element.elementor-element-4ec3697{padding:20px 0px 40px 0px;}}<\/style>\t\t<div data-elementor-type=\"wp-page\" data-elementor-id=\"3191\" class=\"elementor elementor-3191\" data-elementor-post-type=\"page\">\n\t\t\t\t\t\t<section class=\"elementor-section elementor-top-section elementor-element elementor-element-1dac5b2 elementor-section-height-min-height elementor-section-boxed elementor-section-height-default elementor-section-items-middle\" data-id=\"1dac5b2\" data-element_type=\"section\" data-settings=\"{&quot;background_background&quot;:&quot;classic&quot;,&quot;shape_divider_bottom&quot;:&quot;opacity-fan&quot;,&quot;jet_parallax_layout_list&quot;:[]}\">\n\t\t\t\t\t\t\t<div class=\"elementor-background-overlay\"><\/div>\n\t\t\t\t\t\t<div class=\"elementor-shape elementor-shape-bottom\" aria-hidden=\"true\" data-negative=\"false\">\n\t\t\t<svg xmlns=\"http:\/\/www.w3.org\/2000\/svg\" viewbox=\"0 0 283.5 19.6\" preserveaspectratio=\"none\">\n\t<path class=\"elementor-shape-fill\" style=\"opacity:0.33\" d=\"M0 0L0 18.8 141.8 4.1 283.5 18.8 283.5 0z\"\/>\n\t<path class=\"elementor-shape-fill\" style=\"opacity:0.33\" d=\"M0 0L0 12.6 141.8 4 283.5 12.6 283.5 0z\"\/>\n\t<path class=\"elementor-shape-fill\" style=\"opacity:0.33\" d=\"M0 0L0 6.4 141.8 4 283.5 6.4 283.5 0z\"\/>\n\t<path class=\"elementor-shape-fill\" d=\"M0 0L0 1.2 141.8 4 283.5 1.2 283.5 0z\"\/>\n<\/svg>\t\t<\/div>\n\t\t\t\t\t<div class=\"elementor-container elementor-column-gap-default\">\n\t\t\t\t\t<div class=\"elementor-column elementor-col-100 elementor-top-column elementor-element elementor-element-c0b2804\" data-id=\"c0b2804\" data-element_type=\"column\">\n\t\t\t<div class=\"elementor-widget-wrap elementor-element-populated\">\n\t\t\t\t\t\t<div class=\"elementor-element elementor-element-c9fd522 elementor-invisible elementor-widget elementor-widget-heading\" data-id=\"c9fd522\" data-element_type=\"widget\" data-settings=\"{&quot;_animation&quot;:&quot;fadeInUp&quot;,&quot;_animation_delay&quot;:5}\" data-widget_type=\"heading.default\">\n\t\t\t\t<div class=\"elementor-widget-container\">\n\t\t\t\t\t<h1 class=\"elementor-heading-title elementor-size-default\">Module GRMS de surface<\/h1>\t\t\t\t<\/div>\n\t\t\t\t<\/div>\n\t\t\t\t<div class=\"elementor-element elementor-element-0034c22 elementor-icon-list--layout-inline elementor-align-center elementor-list-item-link-full_width elementor-invisible elementor-widget elementor-widget-icon-list\" data-id=\"0034c22\" data-element_type=\"widget\" data-settings=\"{&quot;_animation&quot;:&quot;fadeInUp&quot;,&quot;_animation_delay&quot;:9}\" data-widget_type=\"icon-list.default\">\n\t\t\t\t<div class=\"elementor-widget-container\">\n\t\t\t\t\t\t\t<ul class=\"elementor-icon-list-items elementor-inline-items\">\n\t\t\t\t\t\t\t<li class=\"elementor-icon-list-item elementor-inline-item\">\n\t\t\t\t\t\t\t\t\t\t\t<a href=\"https:\/\/www.bossenerji.com\/fr\/coeur\/\">\n\n\t\t\t\t\t\t\t\t\t\t\t<span class=\"elementor-icon-list-text\">C\u0153ur<\/span>\n\t\t\t\t\t\t\t\t\t\t\t<\/a>\n\t\t\t\t\t\t\t\t\t<\/li>\n\t\t\t\t\t\t\t\t<li class=\"elementor-icon-list-item elementor-inline-item\">\n\t\t\t\t\t\t\t\t\t\t\t<span class=\"elementor-icon-list-icon\">\n\t\t\t\t\t\t\t<svg aria-hidden=\"true\" class=\"e-font-icon-svg e-fas-angle-right\" viewbox=\"0 0 256 512\" xmlns=\"http:\/\/www.w3.org\/2000\/svg\"><path d=\"M224.3 273l-136 136c-9.4 9.4-24.6 9.4-33.9 0l-22.6-22.6c-9.4-9.4-9.4-24.6 0-33.9l96.4-96.4-96.4-96.4c-9.4-9.4-9.4-24.6 0-33.9L54.3 103c9.4-9.4 24.6-9.4 33.9 0l136 136c9.5 9.4 9.5 24.6.1 34z\"><\/path><\/svg>\t\t\t\t\t\t<\/span>\n\t\t\t\t\t\t\t\t\t\t<span class=\"elementor-icon-list-text\">Module GRMS de surface<\/span>\n\t\t\t\t\t\t\t\t\t<\/li>\n\t\t\t\t\t\t<\/ul>\n\t\t\t\t\t\t<\/div>\n\t\t\t\t<\/div>\n\t\t\t\t\t<\/div>\n\t\t<\/div>\n\t\t\t\t\t<\/div>\n\t\t<\/section>\n\t\t\t\t<section class=\"elementor-section elementor-top-section elementor-element elementor-element-cd0306e elementor-section-boxed elementor-section-height-default elementor-section-height-default\" data-id=\"cd0306e\" data-element_type=\"section\" data-settings=\"{&quot;background_background&quot;:&quot;classic&quot;,&quot;jet_parallax_layout_list&quot;:[]}\">\n\t\t\t\t\t\t<div class=\"elementor-container elementor-column-gap-default\">\n\t\t\t\t\t<div class=\"elementor-column elementor-col-100 elementor-top-column elementor-element elementor-element-6dece27\" data-id=\"6dece27\" data-element_type=\"column\">\n\t\t\t<div class=\"elementor-widget-wrap elementor-element-populated\">\n\t\t\t\t\t\t<section class=\"elementor-section elementor-inner-section elementor-element elementor-element-d88b595 elementor-section-boxed elementor-section-height-default elementor-section-height-default\" data-id=\"d88b595\" data-element_type=\"section\" data-settings=\"{&quot;jet_parallax_layout_list&quot;:[]}\">\n\t\t\t\t\t\t<div class=\"elementor-container elementor-column-gap-default\">\n\t\t\t\t\t<div class=\"elementor-column elementor-col-66 elementor-inner-column elementor-element elementor-element-4e167c9\" data-id=\"4e167c9\" data-element_type=\"column\">\n\t\t\t<div class=\"elementor-widget-wrap elementor-element-populated\">\n\t\t\t\t\t\t<div class=\"elementor-element elementor-element-bd48368 elementor-invisible elementor-widget elementor-widget-image-carousel\" data-id=\"bd48368\" data-element_type=\"widget\" data-settings=\"{&quot;slides_to_show&quot;:&quot;1&quot;,&quot;navigation&quot;:&quot;none&quot;,&quot;motion_fx_motion_fx_scrolling&quot;:&quot;yes&quot;,&quot;motion_fx_translateX_effect&quot;:&quot;yes&quot;,&quot;motion_fx_translateX_direction&quot;:&quot;negative&quot;,&quot;motion_fx_translateX_speed&quot;:{&quot;unit&quot;:&quot;px&quot;,&quot;size&quot;:10,&quot;sizes&quot;:[]},&quot;motion_fx_translateX_affectedRange&quot;:{&quot;unit&quot;:&quot;%&quot;,&quot;size&quot;:&quot;&quot;,&quot;sizes&quot;:{&quot;start&quot;:0,&quot;end&quot;:50}},&quot;motion_fx_devices&quot;:[&quot;desktop&quot;],&quot;_animation&quot;:&quot;fadeInLeft&quot;,&quot;speed&quot;:200,&quot;autoplay&quot;:&quot;yes&quot;,&quot;pause_on_hover&quot;:&quot;yes&quot;,&quot;pause_on_interaction&quot;:&quot;yes&quot;,&quot;autoplay_speed&quot;:5000,&quot;infinite&quot;:&quot;yes&quot;,&quot;effect&quot;:&quot;slide&quot;}\" data-widget_type=\"image-carousel.default\">\n\t\t\t\t<div class=\"elementor-widget-container\">\n\t\t\t\t\t\t\t<div class=\"elementor-image-carousel-wrapper swiper\" role=\"region\" aria-roledescription=\"carousel\" aria-label=\"Cycle d&#039;images\" dir=\"ltr\">\n\t\t\t<div class=\"elementor-image-carousel swiper-wrapper\" aria-live=\"off\">\n\t\t\t\t\t\t\t\t<div class=\"swiper-slide\" role=\"group\" aria-roledescription=\"slide\" aria-label=\"1 \u0438\u0437 1\" data-no-translation-aria-label=\"\"><figure class=\"swiper-slide-inner\"><img decoding=\"async\" class=\"swiper-slide-image\" src=\"https:\/\/www.bossenerji.com\/wp-content\/uploads\/2026\/01\/core.webp\" alt=\"c\u0153ur\" \/><\/figure><\/div>\t\t\t<\/div>\n\t\t\t\t\t<\/div>\n\t\t\t\t\t\t<\/div>\n\t\t\t\t<\/div>\n\t\t\t\t\t<\/div>\n\t\t<\/div>\n\t\t\t\t<div class=\"elementor-column elementor-col-33 elementor-inner-column elementor-element elementor-element-d827c3b\" data-id=\"d827c3b\" data-element_type=\"column\">\n\t\t\t<div class=\"elementor-widget-wrap elementor-element-populated\">\n\t\t\t\t\t\t<div class=\"elementor-element elementor-element-8a395a4 elementor-widget elementor-widget-jkit_heading\" data-id=\"8a395a4\" data-element_type=\"widget\" data-widget_type=\"jkit_heading.default\">\n\t\t\t\t<div class=\"elementor-widget-container\">\n\t\t\t\t\t<div  class=\"jeg-elementor-kit jkit-heading  align- align-tablet-center align-mobile- jeg_module___69f21ba18738d\" ><div class=\"heading-section-title  display-inline\"><h2 class=\"heading-title\">Surface  <span class=\"style-gradient\"><span>GRMS <\/span><\/span>  Module<\/h2><\/div><\/div>\t\t\t\t<\/div>\n\t\t\t\t<\/div>\n\t\t\t\t<div class=\"elementor-element elementor-element-ff28f00 elementor-widget elementor-widget-text-editor\" data-id=\"ff28f00\" data-element_type=\"widget\" data-widget_type=\"text-editor.default\">\n\t\t\t\t<div class=\"elementor-widget-container\">\n\t\t\t\t\t\t\t\t\t<p><span dir=\"auto\">S\u00c9RIE ECLIPSE DESIGN<\/span><\/p>\n<p><span dir=\"auto\">Une gamme d&#039;interrupteurs modulaires minimalistes, aux standards italiens, con\u00e7ue pour les syst\u00e8mes KNX. Elle combine de multiples fonctions dans un ch\u00e2ssis unique et offre une grande flexibilit\u00e9 de configuration. Elle propose un \u00e9clairage RGB personnalisable, des options 3D, 12 finitions haut de gamme et une qualit\u00e9 d&#039;usinage CNC\u00a0: la rencontre parfaite entre technologie et savoir-faire.<\/span><\/p>\t\t\t\t\t\t\t\t<\/div>\n\t\t\t\t<\/div>\n\t\t\t\t\t<\/div>\n\t\t<\/div>\n\t\t\t\t\t<\/div>\n\t\t<\/section>\n\t\t\t\t\t<\/div>\n\t\t<\/div>\n\t\t\t\t\t<\/div>\n\t\t<\/section>\n\t\t\t\t<section class=\"elementor-section elementor-top-section elementor-element elementor-element-bddbc1d elementor-section-boxed elementor-section-height-default elementor-section-height-default\" data-id=\"bddbc1d\" data-element_type=\"section\" data-settings=\"{&quot;jet_parallax_layout_list&quot;:[]}\">\n\t\t\t\t\t\t<div class=\"elementor-container elementor-column-gap-default\">\n\t\t\t\t\t<div class=\"elementor-column elementor-col-100 elementor-top-column elementor-element elementor-element-5e8021f\" data-id=\"5e8021f\" data-element_type=\"column\">\n\t\t\t<div class=\"elementor-widget-wrap elementor-element-populated\">\n\t\t\t\t\t\t<div class=\"elementor-element elementor-element-648a85f elementor-widget elementor-widget-image\" data-id=\"648a85f\" data-element_type=\"widget\" data-widget_type=\"image.default\">\n\t\t\t\t<div class=\"elementor-widget-container\">\n\t\t\t\t\t\t\t\t\t\t\t\t\t\t\t<img fetchpriority=\"high\" decoding=\"async\" width=\"797\" height=\"1024\" src=\"https:\/\/www.bossenerji.com\/wp-content\/uploads\/2026\/01\/3157-1200x1541-1-797x1024.webp\" class=\"attachment-large size-large wp-image-3198\" alt=\"\" srcset=\"https:\/\/www.bossenerji.com\/wp-content\/uploads\/2026\/01\/3157-1200x1541-1-797x1024.webp 797w, https:\/\/www.bossenerji.com\/wp-content\/uploads\/2026\/01\/3157-1200x1541-1-234x300.webp 234w, https:\/\/www.bossenerji.com\/wp-content\/uploads\/2026\/01\/3157-1200x1541-1-768x986.webp 768w, https:\/\/www.bossenerji.com\/wp-content\/uploads\/2026\/01\/3157-1200x1541-1-1196x1536.webp 1196w, https:\/\/www.bossenerji.com\/wp-content\/uploads\/2026\/01\/3157-1200x1541-1.webp 1200w\" sizes=\"(max-width: 797px) 100vw, 797px\" \/>\t\t\t\t\t\t\t\t\t\t\t\t\t\t\t<\/div>\n\t\t\t\t<\/div>\n\t\t\t\t<div class=\"elementor-element elementor-element-962caa8 elementor-widget elementor-widget-image\" data-id=\"962caa8\" data-element_type=\"widget\" data-widget_type=\"image.default\">\n\t\t\t\t<div class=\"elementor-widget-container\">\n\t\t\t\t\t\t\t\t\t\t\t\t\t\t\t<img decoding=\"async\" width=\"800\" height=\"545\" src=\"https:\/\/www.bossenerji.com\/wp-content\/uploads\/2026\/01\/vecto-scaled-1-1024x698.webp\" class=\"attachment-large size-large wp-image-3199\" alt=\"\" srcset=\"https:\/\/www.bossenerji.com\/wp-content\/uploads\/2026\/01\/vecto-scaled-1-1024x698.webp 1024w, https:\/\/www.bossenerji.com\/wp-content\/uploads\/2026\/01\/vecto-scaled-1-300x204.webp 300w, https:\/\/www.bossenerji.com\/wp-content\/uploads\/2026\/01\/vecto-scaled-1-768x523.webp 768w, https:\/\/www.bossenerji.com\/wp-content\/uploads\/2026\/01\/vecto-scaled-1-1536x1046.webp 1536w, https:\/\/www.bossenerji.com\/wp-content\/uploads\/2026\/01\/vecto-scaled-1-2048x1395.webp 2048w\" sizes=\"(max-width: 800px) 100vw, 800px\" \/>\t\t\t\t\t\t\t\t\t\t\t\t\t\t\t<\/div>\n\t\t\t\t<\/div>\n\t\t\t\t\t<\/div>\n\t\t<\/div>\n\t\t\t\t\t<\/div>\n\t\t<\/section>\n\t\t\t\t<section class=\"elementor-section elementor-top-section elementor-element elementor-element-4ec3697 elementor-section-height-min-height elementor-section-boxed elementor-section-height-default elementor-section-items-middle\" data-id=\"4ec3697\" data-element_type=\"section\" data-settings=\"{&quot;background_background&quot;:&quot;classic&quot;,&quot;jet_parallax_layout_list&quot;:[]}\">\n\t\t\t\t\t\t\t<div class=\"elementor-background-overlay\"><\/div>\n\t\t\t\t\t\t\t<div class=\"elementor-container elementor-column-gap-default\">\n\t\t\t\t\t<div class=\"elementor-column elementor-col-50 elementor-top-column elementor-element elementor-element-6ade83b\" data-id=\"6ade83b\" data-element_type=\"column\">\n\t\t\t<div class=\"elementor-widget-wrap elementor-element-populated\">\n\t\t\t\t\t\t<section class=\"elementor-section elementor-inner-section elementor-element elementor-element-806f4d4 elementor-section-boxed elementor-section-height-default elementor-section-height-default\" data-id=\"806f4d4\" data-element_type=\"section\" data-settings=\"{&quot;jet_parallax_layout_list&quot;:[]}\">\n\t\t\t\t\t\t<div class=\"elementor-container elementor-column-gap-default\">\n\t\t\t\t\t<div class=\"elementor-column elementor-col-100 elementor-inner-column elementor-element elementor-element-c3e1d84\" data-id=\"c3e1d84\" data-element_type=\"column\">\n\t\t\t<div class=\"elementor-widget-wrap\">\n\t\t\t\t\t\t\t<\/div>\n\t\t<\/div>\n\t\t\t\t\t<\/div>\n\t\t<\/section>\n\t\t\t\t\t<\/div>\n\t\t<\/div>\n\t\t\t\t<div class=\"elementor-column elementor-col-50 elementor-top-column elementor-element elementor-element-f9e8f7b\" data-id=\"f9e8f7b\" data-element_type=\"column\">\n\t\t\t<div class=\"elementor-widget-wrap\">\n\t\t\t\t\t\t\t<\/div>\n\t\t<\/div>\n\t\t\t\t\t<\/div>\n\t\t<\/section>\n\t\t\t\t<\/div>","protected":false},"excerpt":{"rendered":"<p>Y\u00fczey GRMS Mod\u00fcl\u00fc Core Y\u00fczey GRMS Mod\u00fcl\u00fc ECLIPSE TASARIM SER\u0130S\u0130 KNX sistemleri i\u00e7in tasarlanm\u0131\u015f, minimalist, \u0130talyan standartlar\u0131nda mod\u00fcler bir anahtar serisi. Esnek konfig\u00fcrasyonlarla tek bir \u00e7er\u00e7evede birden fazla i\u015flevi birle\u015ftirir. \u00d6zelle\u015ftirilebilir RGB ayd\u0131nlatma, 3 boyut se\u00e7ene\u011fi, 12 birinci s\u0131n\u0131f kaplama ve CNC i\u015fleme kalitesi sunar; teknoloji ve i\u015f\u00e7ili\u011fin bulu\u015ftu\u011fu nokta.<\/p>","protected":false},"author":1,"featured_media":0,"parent":0,"menu_order":0,"comment_status":"closed","ping_status":"closed","template":"elementor_header_footer","meta":{"footnotes":""},"class_list":["post-3191","page","type-page","status-publish","hentry"],"_links":{"self":[{"href":"https:\/\/www.bossenerji.com\/fr\/wp-json\/wp\/v2\/pages\/3191","targetHints":{"allow":["GET"]}}],"collection":[{"href":"https:\/\/www.bossenerji.com\/fr\/wp-json\/wp\/v2\/pages"}],"about":[{"href":"https:\/\/www.bossenerji.com\/fr\/wp-json\/wp\/v2\/types\/page"}],"author":[{"embeddable":true,"href":"https:\/\/www.bossenerji.com\/fr\/wp-json\/wp\/v2\/users\/1"}],"replies":[{"embeddable":true,"href":"https:\/\/www.bossenerji.com\/fr\/wp-json\/wp\/v2\/comments?post=3191"}],"version-history":[{"count":7,"href":"https:\/\/www.bossenerji.com\/fr\/wp-json\/wp\/v2\/pages\/3191\/revisions"}],"predecessor-version":[{"id":3203,"href":"https:\/\/www.bossenerji.com\/fr\/wp-json\/wp\/v2\/pages\/3191\/revisions\/3203"}],"wp:attachment":[{"href":"https:\/\/www.bossenerji.com\/fr\/wp-json\/wp\/v2\/media?parent=3191"}],"curies":[{"name":"wp","href":"https:\/\/api.w.org\/{rel}","templated":true}]}}