{"id":1235,"date":"2025-05-01T20:57:10","date_gmt":"2025-05-01T20:57:10","guid":{"rendered":"https:\/\/bossenerji.com\/?page_id=1235"},"modified":"2025-07-03T14:33:35","modified_gmt":"2025-07-03T14:33:35","slug":"%d0%ba%d0%be%d0%bc%d0%bc%d0%b5%d1%80%d1%87%d0%b5%d1%81%d0%ba%d0%b8%d0%b5-%d0%b8-%d0%bf%d1%80%d0%be%d0%bc%d1%8b%d1%88%d0%bb%d0%b5%d0%bd%d0%bd%d1%8b%d0%b5-%d1%80%d0%b5%d1%88%d0%b5%d0%bd%d0%b8%d1%8f-knx","status":"publish","type":"page","link":"https:\/\/www.bossenerji.com\/ru\/%d0%ba%d0%be%d0%bc%d0%bc%d0%b5%d1%80%d1%87%d0%b5%d1%81%d0%ba%d0%b8%d0%b5-%d0%b8-%d0%bf%d1%80%d0%be%d0%bc%d1%8b%d1%88%d0%bb%d0%b5%d0%bd%d0%bd%d1%8b%d0%b5-%d1%80%d0%b5%d1%88%d0%b5%d0%bd%d0%b8%d1%8f-knx\/","title":{"rendered":"\u041a\u043e\u043c\u043c\u0435\u0440\u0447\u0435\u0441\u043a\u0438\u0435 \u0438 \u043f\u0440\u043e\u043c\u044b\u0448\u043b\u0435\u043d\u043d\u044b\u0435 \u0440\u0435\u0448\u0435\u043d\u0438\u044f KNX"},"content":{"rendered":"<style>.elementor-1235 .elementor-element.elementor-element-1dac5b2:not(.elementor-motion-effects-element-type-background), .elementor-1235 .elementor-element.elementor-element-1dac5b2 > .elementor-motion-effects-container > .elementor-motion-effects-layer{background-image:url(\"https:\/\/www.bossenerji.com\/wp-content\/uploads\/2025\/05\/2_3-scaled.jpg\");}.elementor-1235 .elementor-element.elementor-element-1dac5b2 > .elementor-background-overlay{background-color:var( --e-global-color-e777d57 );opacity:0.23;transition:background 0.3s, border-radius 0.3s, opacity 0.3s;}.elementor-1235 .elementor-element.elementor-element-1dac5b2 > .elementor-container{min-height:66vh;}.elementor-1235 .elementor-element.elementor-element-1dac5b2{transition:background 0.3s, border 0.3s, border-radius 0.3s, box-shadow 0.3s;margin-top:-106px;margin-bottom:0px;padding:50px 0px 25px 0px;}.elementor-1235 .elementor-element.elementor-element-1dac5b2 > .elementor-shape-bottom .elementor-shape-fill{fill:var( --e-global-color-62a237b );}.elementor-1235 .elementor-element.elementor-element-1dac5b2 > .elementor-shape-bottom svg{width:calc(100% + 1.3px);height:75px;}.elementor-1235 .elementor-element.elementor-element-c9fd522{text-align:center;}.elementor-1235 .elementor-element.elementor-element-c9fd522 .elementor-heading-title{font-family:\"Manrope\", Sans-serif;font-size:60px;font-weight:600;letter-spacing:-2px;-webkit-text-stroke-color:#000;stroke:#000;color:var( --e-global-color-primary );}.elementor-1235 .elementor-element.elementor-element-dd76bda{text-align:center;color:#FFFFFF;}.elementor-1235 .elementor-element.elementor-element-0034c22 .elementor-icon-list-icon i{color:#FFFFFF;transition:color 0.3s;}.elementor-1235 .elementor-element.elementor-element-0034c22 .elementor-icon-list-icon svg{fill:#FFFFFF;transition:fill 0.3s;}.elementor-1235 .elementor-element.elementor-element-0034c22{--e-icon-list-icon-size:14px;--icon-vertical-offset:0px;}.elementor-1235 .elementor-element.elementor-element-0034c22 .elementor-icon-list-item > .elementor-icon-list-text, .elementor-1235 .elementor-element.elementor-element-0034c22 .elementor-icon-list-item > a{font-family:\"Manrope\", Sans-serif;}.elementor-1235 .elementor-element.elementor-element-0034c22 .elementor-icon-list-text{color:var( --e-global-color-62a237b );transition:color 0.3s;}.elementor-1235 .elementor-element.elementor-element-0034c22 .elementor-icon-list-item:hover .elementor-icon-list-text{color:var( --e-global-color-secondary );}.elementor-1235 .elementor-element.elementor-element-cd0306e:not(.elementor-motion-effects-element-type-background), .elementor-1235 .elementor-element.elementor-element-cd0306e > .elementor-motion-effects-container > .elementor-motion-effects-layer{background-color:#FFFFFF;}.elementor-1235 .elementor-element.elementor-element-cd0306e{transition:background 0.3s, border 0.3s, border-radius 0.3s, box-shadow 0.3s;padding:110px 0px 50px 0px;}.elementor-1235 .elementor-element.elementor-element-cd0306e > .elementor-background-overlay{transition:background 0.3s, border-radius 0.3s, opacity 0.3s;}.elementor-1235 .elementor-element.elementor-element-d88b595{margin-top:25px;margin-bottom:25px;}.elementor-1235 .elementor-element.elementor-element-4e167c9 > .elementor-element-populated{margin:10px 10px 10px 10px;--e-column-margin-right:10px;--e-column-margin-left:10px;padding:0px 0px 0px 0px;}.elementor-1235 .elementor-element.elementor-element-bd48368{--e-image-carousel-slides-to-show:1;}.elementor-1235 .elementor-element.elementor-element-bd48368 .elementor-image-carousel-wrapper .elementor-image-carousel .swiper-slide-image{border-radius:20px 20px 20px 20px;}.elementor-bc-flex-widget .elementor-1235 .elementor-element.elementor-element-d827c3b.elementor-column .elementor-widget-wrap{align-items:center;}.elementor-1235 .elementor-element.elementor-element-d827c3b.elementor-column.elementor-element[data-element_type=\"column\"] > .elementor-widget-wrap.elementor-element-populated{align-content:center;align-items:center;}.elementor-1235 .elementor-element.elementor-element-d827c3b > .elementor-element-populated{padding:0px 50px 0px 20px;}.elementor-1235 .elementor-element.elementor-element-76b583c .elementor-heading-title{font-family:\"Manrope\", Sans-serif;font-weight:600;color:var( --e-global-color-primary );}.elementor-1235 .elementor-element.elementor-element-8a395a4 .jeg-elementor-kit.jkit-heading .heading-title > span.style-gradient{background-color:transparent;background-image:radial-gradient(at center left, var( --e-global-color-primary ) 0%, var( --e-global-color-secondary ) 100%);}.elementor-1235 .elementor-element.elementor-element-8a395a4 .jeg-elementor-kit.jkit-heading{text-align:left;}.elementor-1235 .elementor-element.elementor-element-8a395a4 .jeg-elementor-kit.jkit-heading .heading-title{-webkit-box-decoration-break:clone;box-decoration-break:clone;display:inline;font-family:\"Manrope\", Sans-serif;font-size:40px;font-weight:500;letter-spacing:-2px;color:var( --e-global-color-f14aec3 );}.elementor-1235 .elementor-element.elementor-element-ff28f00 > .elementor-widget-container{margin:0px 0px -60px 0px;}.elementor-1235 .elementor-element.elementor-element-ff28f00{z-index:2;}.elementor-1235 .elementor-element.elementor-element-58d826b > .elementor-widget-container{padding:0px 0px 60px 0px;}.elementor-1235 .elementor-element.elementor-element-9e0b72d > .elementor-widget-container{padding:0px 0px 100px 0px;}:root{--page-title-display:none;}@media(max-width:1024px){.elementor-1235 .elementor-element.elementor-element-1dac5b2{padding:110px 0px 25px 0px;}.elementor-1235 .elementor-element.elementor-element-cd0306e{padding:50px 0px 50px 0px;}.elementor-1235 .elementor-element.elementor-element-76b583c{text-align:center;}.elementor-1235 .elementor-element.elementor-element-8a395a4 .jeg-elementor-kit.jkit-heading{text-align:center;}.elementor-1235 .elementor-element.elementor-element-ff28f00{text-align:center;}}@media(max-width:767px){.elementor-1235 .elementor-element.elementor-element-1dac5b2{padding:180px 0px 25px 0px;}.elementor-1235 .elementor-element.elementor-element-c9fd522 .elementor-heading-title{font-size:45px;}.elementor-1235 .elementor-element.elementor-element-cd0306e{padding:0px 0px 0px 0px;}.elementor-1235 .elementor-element.elementor-element-d827c3b > .elementor-element-populated{padding:0px 0px 0px 0px;}.elementor-1235 .elementor-element.elementor-element-8a395a4 > .elementor-widget-container{padding:0% 0% 0% 0%;}}@media(min-width:768px){.elementor-1235 .elementor-element.elementor-element-4e167c9{width:50%;}.elementor-1235 .elementor-element.elementor-element-d827c3b{width:65%;}}@media(max-width:1024px) and (min-width:768px){.elementor-1235 .elementor-element.elementor-element-4e167c9{width:100%;}.elementor-1235 .elementor-element.elementor-element-d827c3b{width:100%;}}<\/style>\t\t<div data-elementor-type=\"wp-page\" data-elementor-id=\"1235\" class=\"elementor elementor-1235\" data-elementor-post-type=\"page\">\n\t\t\t\t\t\t<section class=\"elementor-section elementor-top-section elementor-element elementor-element-1dac5b2 elementor-section-height-min-height elementor-section-boxed elementor-section-height-default elementor-section-items-middle\" data-id=\"1dac5b2\" data-element_type=\"section\" data-settings=\"{&quot;background_background&quot;:&quot;classic&quot;,&quot;shape_divider_bottom&quot;:&quot;opacity-fan&quot;,&quot;jet_parallax_layout_list&quot;:[]}\">\n\t\t\t\t\t\t\t<div class=\"elementor-background-overlay\"><\/div>\n\t\t\t\t\t\t<div class=\"elementor-shape elementor-shape-bottom\" aria-hidden=\"true\" data-negative=\"false\">\n\t\t\t<svg xmlns=\"http:\/\/www.w3.org\/2000\/svg\" viewbox=\"0 0 283.5 19.6\" preserveaspectratio=\"none\">\n\t<path class=\"elementor-shape-fill\" style=\"opacity:0.33\" d=\"M0 0L0 18.8 141.8 4.1 283.5 18.8 283.5 0z\"\/>\n\t<path class=\"elementor-shape-fill\" style=\"opacity:0.33\" d=\"M0 0L0 12.6 141.8 4 283.5 12.6 283.5 0z\"\/>\n\t<path class=\"elementor-shape-fill\" style=\"opacity:0.33\" d=\"M0 0L0 6.4 141.8 4 283.5 6.4 283.5 0z\"\/>\n\t<path class=\"elementor-shape-fill\" d=\"M0 0L0 1.2 141.8 4 283.5 1.2 283.5 0z\"\/>\n<\/svg>\t\t<\/div>\n\t\t\t\t\t<div class=\"elementor-container elementor-column-gap-default\">\n\t\t\t\t\t<div class=\"elementor-column elementor-col-100 elementor-top-column elementor-element elementor-element-c0b2804\" data-id=\"c0b2804\" data-element_type=\"column\">\n\t\t\t<div class=\"elementor-widget-wrap elementor-element-populated\">\n\t\t\t\t\t\t<div class=\"elementor-element elementor-element-c9fd522 elementor-invisible elementor-widget elementor-widget-heading\" data-id=\"c9fd522\" data-element_type=\"widget\" data-settings=\"{&quot;_animation&quot;:&quot;fadeInUp&quot;,&quot;_animation_delay&quot;:5}\" data-widget_type=\"heading.default\">\n\t\t\t\t<div class=\"elementor-widget-container\">\n\t\t\t\t\t<h1 class=\"elementor-heading-title elementor-size-default\">\u00ab\u0423\u043c\u043d\u044b\u0435 \u0440\u0435\u0448\u0435\u043d\u0438\u044f \u0434\u043b\u044f \u0436\u0438\u0437\u043d\u0438\u00bb \u043e\u0442 Boss<\/h1>\t\t\t\t<\/div>\n\t\t\t\t<\/div>\n\t\t\t\t<div class=\"elementor-element elementor-element-dd76bda elementor-invisible elementor-widget elementor-widget-text-editor\" data-id=\"dd76bda\" data-element_type=\"widget\" data-settings=\"{&quot;_animation&quot;:&quot;fadeInUp&quot;,&quot;_animation_delay&quot;:7}\" data-widget_type=\"text-editor.default\">\n\t\t\t\t<div class=\"elementor-widget-container\">\n\t\t\t\t\t\t\t\t\t<p>\u041e\u0442 \u043e\u0431\u0435\u0441\u043f\u0435\u0447\u0435\u043d\u0438\u044f \u0431\u0435\u0437\u043e\u043f\u0430\u0441\u043d\u043e\u0441\u0442\u0438 \u0434\u043e \u0443\u043f\u0440\u0430\u0432\u043b\u0435\u043d\u0438\u044f \u044d\u043d\u0435\u0440\u0433\u043e\u043f\u043e\u0442\u0440\u0435\u0431\u043b\u0435\u043d\u0438\u0435\u043c \u0432\u044b \u043f\u043e\u043b\u043d\u043e\u0441\u0442\u044c\u044e \u043a\u043e\u043d\u0442\u0440\u043e\u043b\u0438\u0440\u0443\u0435\u0442\u0435 \u0441\u0432\u043e\u0435 \u0436\u0438\u043b\u043e\u0435 \u043f\u0440\u043e\u0441\u0442\u0440\u0430\u043d\u0441\u0442\u0432\u043e.<\/p>\t\t\t\t\t\t\t\t<\/div>\n\t\t\t\t<\/div>\n\t\t\t\t<div class=\"elementor-element elementor-element-0034c22 elementor-icon-list--layout-inline elementor-align-center elementor-list-item-link-full_width elementor-invisible elementor-widget elementor-widget-icon-list\" data-id=\"0034c22\" data-element_type=\"widget\" data-settings=\"{&quot;_animation&quot;:&quot;fadeInUp&quot;,&quot;_animation_delay&quot;:9}\" data-widget_type=\"icon-list.default\">\n\t\t\t\t<div class=\"elementor-widget-container\">\n\t\t\t\t\t\t\t<ul class=\"elementor-icon-list-items elementor-inline-items\">\n\t\t\t\t\t\t\t<li class=\"elementor-icon-list-item elementor-inline-item\">\n\t\t\t\t\t\t\t\t\t\t\t<a href=\"https:\/\/www.bossenerji.com\/ru\">\n\n\t\t\t\t\t\t\t\t\t\t\t<span class=\"elementor-icon-list-text\">\u0413\u043b\u0430\u0432\u043d\u0430\u044f \u0441\u0442\u0440\u0430\u043d\u0438\u0446\u0430<\/span>\n\t\t\t\t\t\t\t\t\t\t\t<\/a>\n\t\t\t\t\t\t\t\t\t<\/li>\n\t\t\t\t\t\t\t\t<li class=\"elementor-icon-list-item elementor-inline-item\">\n\t\t\t\t\t\t\t\t\t\t\t<span class=\"elementor-icon-list-icon\">\n\t\t\t\t\t\t\t<svg aria-hidden=\"true\" class=\"e-font-icon-svg e-fas-angle-right\" viewbox=\"0 0 256 512\" xmlns=\"http:\/\/www.w3.org\/2000\/svg\"><path d=\"M224.3 273l-136 136c-9.4 9.4-24.6 9.4-33.9 0l-22.6-22.6c-9.4-9.4-9.4-24.6 0-33.9l96.4-96.4-96.4-96.4c-9.4-9.4-9.4-24.6 0-33.9L54.3 103c9.4-9.4 24.6-9.4 33.9 0l136 136c9.5 9.4 9.5 24.6.1 34z\"><\/path><\/svg>\t\t\t\t\t\t<\/span>\n\t\t\t\t\t\t\t\t\t\t<span class=\"elementor-icon-list-text\">\u041a\u043e\u043c\u043c\u0435\u0440\u0447\u0435\u0441\u043a\u0438\u0435 \u0438 \u043f\u0440\u043e\u043c\u044b\u0448\u043b\u0435\u043d\u043d\u044b\u0435 \u0440\u0435\u0448\u0435\u043d\u0438\u044f KNX<\/span>\n\t\t\t\t\t\t\t\t\t<\/li>\n\t\t\t\t\t\t<\/ul>\n\t\t\t\t\t\t<\/div>\n\t\t\t\t<\/div>\n\t\t\t\t\t<\/div>\n\t\t<\/div>\n\t\t\t\t\t<\/div>\n\t\t<\/section>\n\t\t\t\t<section class=\"elementor-section elementor-top-section elementor-element elementor-element-cd0306e elementor-section-boxed elementor-section-height-default elementor-section-height-default\" data-id=\"cd0306e\" data-element_type=\"section\" data-settings=\"{&quot;background_background&quot;:&quot;classic&quot;,&quot;jet_parallax_layout_list&quot;:[]}\">\n\t\t\t\t\t\t<div class=\"elementor-container elementor-column-gap-default\">\n\t\t\t\t\t<div class=\"elementor-column elementor-col-100 elementor-top-column elementor-element elementor-element-6dece27\" data-id=\"6dece27\" data-element_type=\"column\">\n\t\t\t<div class=\"elementor-widget-wrap elementor-element-populated\">\n\t\t\t\t\t\t<section class=\"elementor-section elementor-inner-section elementor-element elementor-element-d88b595 elementor-section-boxed elementor-section-height-default elementor-section-height-default\" data-id=\"d88b595\" data-element_type=\"section\" data-settings=\"{&quot;jet_parallax_layout_list&quot;:[]}\">\n\t\t\t\t\t\t<div class=\"elementor-container elementor-column-gap-default\">\n\t\t\t\t\t<div class=\"elementor-column elementor-col-50 elementor-inner-column elementor-element elementor-element-4e167c9\" data-id=\"4e167c9\" data-element_type=\"column\">\n\t\t\t<div class=\"elementor-widget-wrap elementor-element-populated\">\n\t\t\t\t\t\t<div class=\"elementor-element elementor-element-bd48368 elementor-invisible elementor-widget elementor-widget-image-carousel\" data-id=\"bd48368\" data-element_type=\"widget\" data-settings=\"{&quot;slides_to_show&quot;:&quot;1&quot;,&quot;navigation&quot;:&quot;none&quot;,&quot;motion_fx_motion_fx_scrolling&quot;:&quot;yes&quot;,&quot;motion_fx_translateX_effect&quot;:&quot;yes&quot;,&quot;motion_fx_translateX_direction&quot;:&quot;negative&quot;,&quot;motion_fx_translateX_speed&quot;:{&quot;unit&quot;:&quot;px&quot;,&quot;size&quot;:10,&quot;sizes&quot;:[]},&quot;motion_fx_translateX_affectedRange&quot;:{&quot;unit&quot;:&quot;%&quot;,&quot;size&quot;:&quot;&quot;,&quot;sizes&quot;:{&quot;start&quot;:0,&quot;end&quot;:50}},&quot;motion_fx_devices&quot;:[&quot;desktop&quot;],&quot;_animation&quot;:&quot;fadeInLeft&quot;,&quot;autoplay&quot;:&quot;yes&quot;,&quot;pause_on_hover&quot;:&quot;yes&quot;,&quot;pause_on_interaction&quot;:&quot;yes&quot;,&quot;autoplay_speed&quot;:5000,&quot;infinite&quot;:&quot;yes&quot;,&quot;effect&quot;:&quot;slide&quot;,&quot;speed&quot;:500}\" data-widget_type=\"image-carousel.default\">\n\t\t\t\t<div class=\"elementor-widget-container\">\n\t\t\t\t\t\t\t<div class=\"elementor-image-carousel-wrapper swiper\" role=\"region\" aria-roledescription=\"carousel\" aria-label=\"\u0426\u0438\u043a\u043b \u0438\u0437\u043e\u0431\u0440\u0430\u0436\u0435\u043d\u0438\u0439\" dir=\"ltr\">\n\t\t\t<div class=\"elementor-image-carousel swiper-wrapper\" aria-live=\"off\">\n\t\t\t\t\t\t\t\t<div class=\"swiper-slide\" role=\"group\" aria-roledescription=\"slide\" aria-label=\"1 \u0645\u0646 1\" data-no-translation-aria-label=\"\"><figure class=\"swiper-slide-inner\"><img decoding=\"async\" class=\"swiper-slide-image\" src=\"https:\/\/www.bossenerji.com\/wp-content\/uploads\/2025\/05\/orta_eae-technology-knx-products.jpg\" alt=\"Orta_eae-technology-knx-products\" \/><\/figure><\/div>\t\t\t<\/div>\n\t\t\t\t\t<\/div>\n\t\t\t\t\t\t<\/div>\n\t\t\t\t<\/div>\n\t\t\t\t\t<\/div>\n\t\t<\/div>\n\t\t\t\t<div class=\"elementor-column elementor-col-50 elementor-inner-column elementor-element elementor-element-d827c3b\" data-id=\"d827c3b\" data-element_type=\"column\">\n\t\t\t<div class=\"elementor-widget-wrap elementor-element-populated\">\n\t\t\t\t\t\t<div class=\"elementor-element elementor-element-76b583c elementor-widget elementor-widget-heading\" data-id=\"76b583c\" data-element_type=\"widget\" data-widget_type=\"heading.default\">\n\t\t\t\t<div class=\"elementor-widget-container\">\n\t\t\t\t\t<h5 class=\"elementor-heading-title elementor-size-default\">\u0421\u043e\u0437\u0434\u0430\u043d\u043e \u0434\u043b\u044f \u044d\u043a\u0441\u043a\u043b\u044e\u0437\u0438\u0432\u043d\u044b\u0445 \u0436\u0438\u043b\u044b\u0445 \u043f\u0440\u043e\u0441\u0442\u0440\u0430\u043d\u0441\u0442\u0432.<\/h5>\t\t\t\t<\/div>\n\t\t\t\t<\/div>\n\t\t\t\t<div class=\"elementor-element elementor-element-8a395a4 elementor-widget elementor-widget-jkit_heading\" data-id=\"8a395a4\" data-element_type=\"widget\" data-widget_type=\"jkit_heading.default\">\n\t\t\t\t<div class=\"elementor-widget-container\">\n\t\t\t\t\t<div  class=\"jeg-elementor-kit jkit-heading  align- align-tablet-center align-mobile- jeg_module___69f2e3649138b\" ><div class=\"heading-section-title  display-inline\"><h2 class=\"heading-title\">\u041a\u043e\u043c\u043c\u0435\u0440\u0447\u0435\u0441\u043a\u0438\u0439 KNX \u0438 <span class=\"style-gradient\"><span>\u041f\u0440\u043e\u043c\u044b\u0448\u043b\u0435\u043d\u043d\u043e\u0435 \u0437\u0434\u0430\u043d\u0438\u0435 <\/span><\/span> \u0420\u0435\u0448\u0435\u043d\u0438\u044f<\/h2><\/div><\/div>\t\t\t\t<\/div>\n\t\t\t\t<\/div>\n\t\t\t\t<div class=\"elementor-element elementor-element-ff28f00 elementor-widget elementor-widget-text-editor\" data-id=\"ff28f00\" data-element_type=\"widget\" data-widget_type=\"text-editor.default\">\n\t\t\t\t<div class=\"elementor-widget-container\">\n\t\t\t\t\t\t\t\t\t<p>\u0420\u0435\u0448\u0435\u043d\u0438\u044f KNX \u0434\u043b\u044f \u043a\u043e\u043c\u043c\u0435\u0440\u0447\u0435\u0441\u043a\u0438\u0445 \u0438 \u043f\u0440\u043e\u043c\u044b\u0448\u043b\u0435\u043d\u043d\u044b\u0445 \u0437\u0434\u0430\u043d\u0438\u0439, \u043a\u043e\u0442\u043e\u0440\u044b\u0435 \u043c\u043e\u0433\u0443\u0442 \u0431\u044b\u0442\u044c \u0431\u0435\u0441\u043a\u043e\u043d\u0435\u0447\u043d\u043e \u043c\u0430\u0441\u0448\u0442\u0430\u0431\u0438\u0440\u043e\u0432\u0430\u043d\u044b \u0438 \u0433\u0438\u0431\u043a\u043e \u0441\u043a\u043e\u043d\u0444\u0438\u0433\u0443\u0440\u0438\u0440\u043e\u0432\u0430\u043d\u044b \u0434\u043b\u044f \u0443\u0434\u043e\u0432\u043b\u0435\u0442\u0432\u043e\u0440\u0435\u043d\u0438\u044f \u0432\u0441\u0435\u0445 \u043e\u0436\u0438\u0434\u0430\u043d\u0438\u0439 \u043a\u043b\u0438\u0435\u043d\u0442\u043e\u0432, \u043f\u043e\u0434\u0434\u0435\u0440\u0436\u0438\u0432\u0430\u044e\u0442\u0441\u044f \u0448\u0438\u0440\u043e\u043a\u043e\u0439 \u044d\u043a\u043e\u0441\u0438\u0441\u0442\u0435\u043c\u043e\u0439, \u043d\u0435\u0437\u0430\u0432\u0438\u0441\u0438\u043c\u043e\u0439 \u043e\u0442 \u043e\u0441\u043d\u043e\u0432\u043d\u043e\u0433\u043e \u043f\u043e\u0441\u0442\u0430\u0432\u0449\u0438\u043a\u0430, \u0431\u043b\u0430\u0433\u043e\u0434\u0430\u0440\u044f \u0438\u0441\u043f\u043e\u043b\u044c\u0437\u043e\u0432\u0430\u043d\u0438\u044e \u043e\u0442\u043a\u0440\u044b\u0442\u044b\u0445 \u0441\u0438\u0441\u0442\u0435\u043c\u043d\u044b\u0445 \u043f\u0440\u043e\u0442\u043e\u043a\u043e\u043b\u043e\u0432. \u041a\u043e\u043c\u043f\u0430\u043d\u0438\u044f EAE Technology \u044f\u0432\u043b\u044f\u0435\u0442\u0441\u044f \u0447\u043b\u0435\u043d\u043e\u043c-\u043f\u0440\u043e\u0438\u0437\u0432\u043e\u0434\u0438\u0442\u0435\u043b\u0435\u043c KNX \u0438 \u0430\u0432\u0442\u043e\u0440\u0438\u0437\u043e\u0432\u0430\u043d\u043d\u044b\u043c \u0443\u0447\u0435\u0431\u043d\u044b\u043c \u0446\u0435\u043d\u0442\u0440\u043e\u043c \u0441 2012 \u0433\u043e\u0434\u0430.<\/p>\t\t\t\t\t\t\t\t<\/div>\n\t\t\t\t<\/div>\n\t\t\t\t\t<\/div>\n\t\t<\/div>\n\t\t\t\t\t<\/div>\n\t\t<\/section>\n\t\t\t\t\t<\/div>\n\t\t<\/div>\n\t\t\t\t\t<\/div>\n\t\t<\/section>\n\t\t\t\t<section class=\"elementor-section elementor-top-section elementor-element elementor-element-7b25b87 elementor-section-boxed elementor-section-height-default elementor-section-height-default\" data-id=\"7b25b87\" data-element_type=\"section\" data-settings=\"{&quot;jet_parallax_layout_list&quot;:[]}\">\n\t\t\t\t\t\t<div class=\"elementor-container elementor-column-gap-default\">\n\t\t\t\t\t<div class=\"elementor-column elementor-col-100 elementor-top-column elementor-element elementor-element-36722c8\" data-id=\"36722c8\" data-element_type=\"column\">\n\t\t\t<div class=\"elementor-widget-wrap elementor-element-populated\">\n\t\t\t\t\t\t<div class=\"elementor-element elementor-element-58d826b elementor-widget elementor-widget-image\" data-id=\"58d826b\" data-element_type=\"widget\" data-widget_type=\"image.default\">\n\t\t\t\t<div class=\"elementor-widget-container\">\n\t\t\t\t\t\t\t\t\t\t\t\t\t\t\t\t<a href=\"https:\/\/bossenerji.com\/wp-content\/uploads\/2025\/05\/1691685362-164d511f22364b.jpg\" data-elementor-open-lightbox=\"yes\" data-elementor-lightbox-title=\"1691685362-164d511f22364b\" data-e-action-hash=\"#elementor-action%3Aaction%3Dlightbox%26settings%3DeyJpZCI6MTI0MSwidXJsIjoiaHR0cHM6XC9cL3d3dy5ib3NzZW5lcmppLmNvbVwvd3AtY29udGVudFwvdXBsb2Fkc1wvMjAyNVwvMDVcLzE2OTE2ODUzNjItMTY0ZDUxMWYyMjM2NGIuanBnIn0%3D\" target=\"_blank\" rel=\"noopener\">\n\t\t\t\t\t\t\t<img fetchpriority=\"high\" decoding=\"async\" width=\"800\" height=\"298\" src=\"https:\/\/www.bossenerji.com\/wp-content\/uploads\/2025\/05\/1691685362-164d511f22364b.jpg\" class=\"attachment-large size-large wp-image-1241\" alt=\"\" srcset=\"https:\/\/www.bossenerji.com\/wp-content\/uploads\/2025\/05\/1691685362-164d511f22364b.jpg 1024w, https:\/\/www.bossenerji.com\/wp-content\/uploads\/2025\/05\/1691685362-164d511f22364b-300x112.jpg 300w, https:\/\/www.bossenerji.com\/wp-content\/uploads\/2025\/05\/1691685362-164d511f22364b-768x286.jpg 768w\" sizes=\"(max-width: 800px) 100vw, 800px\" \/>\t\t\t\t\t\t\t\t<\/a>\n\t\t\t\t\t\t\t\t\t\t\t\t\t\t\t<\/div>\n\t\t\t\t<\/div>\n\t\t\t\t<div class=\"elementor-element elementor-element-9e0b72d elementor-widget elementor-widget-image\" data-id=\"9e0b72d\" data-element_type=\"widget\" data-widget_type=\"image.default\">\n\t\t\t\t<div class=\"elementor-widget-container\">\n\t\t\t\t\t\t\t\t\t\t\t\t\t\t\t\t<a href=\"https:\/\/bossenerji.com\/wp-content\/uploads\/2025\/05\/1691685487-164d5126f373d9.jpg\" data-elementor-open-lightbox=\"yes\" data-elementor-lightbox-title=\"1691685487-164d5126f373d9\" data-e-action-hash=\"#elementor-action%3Aaction%3Dlightbox%26settings%3DeyJpZCI6MTI0MiwidXJsIjoiaHR0cHM6XC9cL3d3dy5ib3NzZW5lcmppLmNvbVwvd3AtY29udGVudFwvdXBsb2Fkc1wvMjAyNVwvMDVcLzE2OTE2ODU0ODctMTY0ZDUxMjZmMzczZDkuanBnIn0%3D\" target=\"_blank\" rel=\"noopener\">\n\t\t\t\t\t\t\t<img decoding=\"async\" width=\"800\" height=\"932\" src=\"https:\/\/www.bossenerji.com\/wp-content\/uploads\/2025\/05\/1691685487-164d5126f373d9-879x1024.jpg\" class=\"attachment-large size-large wp-image-1242\" alt=\"\" srcset=\"https:\/\/www.bossenerji.com\/wp-content\/uploads\/2025\/05\/1691685487-164d5126f373d9-879x1024.jpg 879w, https:\/\/www.bossenerji.com\/wp-content\/uploads\/2025\/05\/1691685487-164d5126f373d9-258x300.jpg 258w, https:\/\/www.bossenerji.com\/wp-content\/uploads\/2025\/05\/1691685487-164d5126f373d9-768x895.jpg 768w, https:\/\/www.bossenerji.com\/wp-content\/uploads\/2025\/05\/1691685487-164d5126f373d9-1318x1536.jpg 1318w, https:\/\/www.bossenerji.com\/wp-content\/uploads\/2025\/05\/1691685487-164d5126f373d9.jpg 1400w\" sizes=\"(max-width: 800px) 100vw, 800px\" \/>\t\t\t\t\t\t\t\t<\/a>\n\t\t\t\t\t\t\t\t\t\t\t\t\t\t\t<\/div>\n\t\t\t\t<\/div>\n\t\t\t\t\t<\/div>\n\t\t<\/div>\n\t\t\t\t\t<\/div>\n\t\t<\/section>\n\t\t\t\t<\/div>","protected":false},"excerpt":{"rendered":"<p>Boss ile Ak\u0131ll\u0131 Ya\u015fam \u00c7\u00f6z\u00fcmleri G\u00fcvenlikten enerji y\u00f6netimine, ya\u015fam alan\u0131n\u0131z\u0131n t\u00fcm kontrol\u00fc avucunuzda. Anasayfa Ayr\u0131cal\u0131kl\u0131 Ya\u015fam Alanlar\u0131 \u0130\u00e7in Tasarland\u0131 KNX Ticari ve End\u00fcstriyel Bina \u00c7\u00f6z\u00fcmleri S\u0131n\u0131rs\u0131z olarak geni\u015fleyebilen ve m\u00fc\u015fterilerin t\u00fcm beklentilerini kar\u015f\u0131layacak esneklikte konfig\u00fcre edilebilen KNX ticari ve end\u00fcstriyel bina \u00e7\u00f6z\u00fcmler, a\u00e7\u0131k sistem protokolleri kullanmas\u0131 nedeniyle ana tedarik\u00e7iden ba\u011f\u0131ms\u0131z olarak geni\u015f bir ekosistem taraf\u0131ndan [&hellip;]<\/p>","protected":false},"author":1,"featured_media":0,"parent":0,"menu_order":0,"comment_status":"closed","ping_status":"closed","template":"","meta":{"footnotes":""},"class_list":["post-1235","page","type-page","status-publish","hentry"],"_links":{"self":[{"href":"https:\/\/www.bossenerji.com\/ru\/wp-json\/wp\/v2\/pages\/1235","targetHints":{"allow":["GET"]}}],"collection":[{"href":"https:\/\/www.bossenerji.com\/ru\/wp-json\/wp\/v2\/pages"}],"about":[{"href":"https:\/\/www.bossenerji.com\/ru\/wp-json\/wp\/v2\/types\/page"}],"author":[{"embeddable":true,"href":"https:\/\/www.bossenerji.com\/ru\/wp-json\/wp\/v2\/users\/1"}],"replies":[{"embeddable":true,"href":"https:\/\/www.bossenerji.com\/ru\/wp-json\/wp\/v2\/comments?post=1235"}],"version-history":[{"count":19,"href":"https:\/\/www.bossenerji.com\/ru\/wp-json\/wp\/v2\/pages\/1235\/revisions"}],"predecessor-version":[{"id":2916,"href":"https:\/\/www.bossenerji.com\/ru\/wp-json\/wp\/v2\/pages\/1235\/revisions\/2916"}],"wp:attachment":[{"href":"https:\/\/www.bossenerji.com\/ru\/wp-json\/wp\/v2\/media?parent=1235"}],"curies":[{"name":"wp","href":"https:\/\/api.w.org\/{rel}","templated":true}]}}